{"id":7,"date":"2022-12-21T13:28:59","date_gmt":"2022-12-21T13:28:59","guid":{"rendered":"https:\/\/www.leticiamiranda.es\/?page_id=7"},"modified":"2022-12-21T13:38:21","modified_gmt":"2022-12-21T13:38:21","slug":"sitio-en-construccion","status":"publish","type":"page","link":"https:\/\/www.leticiamiranda.es\/index.php\/sitio-en-construccion\/","title":{"rendered":"Sitio en construcci\u00f3n"},"content":{"rendered":"\t\t<div data-elementor-type=\"wp-page\" data-elementor-id=\"7\" class=\"elementor elementor-7\">\n\t\t\t\t\t\t\t\t\t<section class=\"elementor-section elementor-top-section elementor-element elementor-element-8689c49 elementor-section-height-min-height elementor-section-boxed elementor-section-height-default elementor-section-items-middle\" data-id=\"8689c49\" data-element_type=\"section\" data-settings=\"{&quot;background_background&quot;:&quot;classic&quot;}\">\n\t\t\t\t\t\t<div class=\"elementor-container elementor-column-gap-default\">\n\t\t\t\t\t<div class=\"elementor-column elementor-col-33 elementor-top-column elementor-element elementor-element-5f42b6c\" data-id=\"5f42b6c\" data-element_type=\"column\">\n\t\t\t<div class=\"elementor-widget-wrap\">\n\t\t\t\t\t\t\t\t\t<\/div>\n\t\t<\/div>\n\t\t\t\t<div class=\"elementor-column elementor-col-33 elementor-top-column elementor-element elementor-element-90d105d\" data-id=\"90d105d\" data-element_type=\"column\">\n\t\t\t<div class=\"elementor-widget-wrap elementor-element-populated\">\n\t\t\t\t\t\t\t\t<div class=\"elementor-element elementor-element-dca4aab elementor-widget elementor-widget-image\" data-id=\"dca4aab\" data-element_type=\"widget\" data-widget_type=\"image.default\">\n\t\t\t\t<div class=\"elementor-widget-container\">\n\t\t\t<style>\/*! elementor - v3.11.2 - 22-02-2023 *\/\n.elementor-widget-image{text-align:center}.elementor-widget-image a{display:inline-block}.elementor-widget-image a img[src$=\".svg\"]{width:48px}.elementor-widget-image img{vertical-align:middle;display:inline-block}<\/style>\t\t\t\t\t\t\t\t\t\t\t\t<img loading=\"lazy\" decoding=\"async\" width=\"652\" height=\"170\" src=\"https:\/\/www.leticiamiranda.es\/wp-content\/uploads\/2022\/12\/logo-Leticia-Miranda.png\" class=\"attachment-large size-large wp-image-16\" alt=\"\" srcset=\"https:\/\/www.leticiamiranda.es\/wp-content\/uploads\/2022\/12\/logo-Leticia-Miranda.png 652w, https:\/\/www.leticiamiranda.es\/wp-content\/uploads\/2022\/12\/logo-Leticia-Miranda-300x78.png 300w\" sizes=\"auto, (max-width: 652px) 100vw, 652px\" \/>\t\t\t\t\t\t\t\t\t\t\t\t\t\t\t<\/div>\n\t\t\t\t<\/div>\n\t\t\t\t\t<\/div>\n\t\t<\/div>\n\t\t\t\t<div class=\"elementor-column elementor-col-33 elementor-top-column elementor-element elementor-element-c918f2c\" data-id=\"c918f2c\" data-element_type=\"column\">\n\t\t\t<div class=\"elementor-widget-wrap\">\n\t\t\t\t\t\t\t\t\t<\/div>\n\t\t<\/div>\n\t\t\t\t\t\t\t<\/div>\n\t\t<\/section>\n\t\t\t\t\t\t\t<\/div>\n\t\t","protected":false},"excerpt":{"rendered":"","protected":false},"author":1,"featured_media":0,"parent":0,"menu_order":0,"comment_status":"closed","ping_status":"closed","template":"","meta":{"site-sidebar-layout":"no-sidebar","site-content-layout":"page-builder","ast-global-header-display":"","ast-main-header-display":"","ast-hfb-above-header-display":"","ast-hfb-below-header-display":"","ast-hfb-mobile-header-display":"","site-post-title":"disabled","ast-breadcrumbs-content":"","ast-featured-img":"disabled","footer-sml-layout":"","theme-transparent-header-meta":"","adv-header-id-meta":"","stick-header-meta":"","header-above-stick-meta":"","header-main-stick-meta":"","header-below-stick-meta":"","_joinchat":[],"footnotes":""},"class_list":["post-7","page","type-page","status-publish","hentry"],"yoast_head":"<!-- This site is optimized with the Yoast SEO plugin v20.1 - https:\/\/yoast.com\/wordpress\/plugins\/seo\/ -->\n<title>Sitio en construcci\u00f3n - Leticia Miranda<\/title>\n<meta name=\"robots\" content=\"index, follow, max-snippet:-1, max-image-preview:large, max-video-preview:-1\" \/>\n<link rel=\"canonical\" href=\"https:\/\/www.leticiamiranda.es\/index.php\/sitio-en-construccion\/\" \/>\n<meta property=\"og:locale\" content=\"es_ES\" \/>\n<meta property=\"og:type\" content=\"article\" \/>\n<meta property=\"og:title\" content=\"Sitio en construcci\u00f3n - Leticia Miranda\" \/>\n<meta property=\"og:url\" content=\"https:\/\/www.leticiamiranda.es\/index.php\/sitio-en-construccion\/\" \/>\n<meta property=\"og:site_name\" content=\"Leticia Miranda\" \/>\n<meta property=\"article:modified_time\" content=\"2022-12-21T13:38:21+00:00\" \/>\n<meta property=\"og:image\" content=\"https:\/\/www.leticiamiranda.es\/wp-content\/uploads\/2022\/12\/logo-Leticia-Miranda.png\" \/>\n<meta name=\"twitter:card\" content=\"summary_large_image\" \/>\n<meta name=\"twitter:label1\" content=\"Tiempo de lectura\" \/>\n\t<meta name=\"twitter:data1\" content=\"1 minuto\" \/>\n<script type=\"application\/ld+json\" class=\"yoast-schema-graph\">{\"@context\":\"https:\/\/schema.org\",\"@graph\":[{\"@type\":\"WebPage\",\"@id\":\"https:\/\/www.leticiamiranda.es\/index.php\/sitio-en-construccion\/\",\"url\":\"https:\/\/www.leticiamiranda.es\/index.php\/sitio-en-construccion\/\",\"name\":\"Sitio en construcci\u00f3n - Leticia Miranda\",\"isPartOf\":{\"@id\":\"https:\/\/www.leticiamiranda.es\/#website\"},\"datePublished\":\"2022-12-21T13:28:59+00:00\",\"dateModified\":\"2022-12-21T13:38:21+00:00\",\"breadcrumb\":{\"@id\":\"https:\/\/www.leticiamiranda.es\/index.php\/sitio-en-construccion\/#breadcrumb\"},\"inLanguage\":\"es\",\"potentialAction\":[{\"@type\":\"ReadAction\",\"target\":[\"https:\/\/www.leticiamiranda.es\/index.php\/sitio-en-construccion\/\"]}]},{\"@type\":\"BreadcrumbList\",\"@id\":\"https:\/\/www.leticiamiranda.es\/index.php\/sitio-en-construccion\/#breadcrumb\",\"itemListElement\":[{\"@type\":\"ListItem\",\"position\":1,\"name\":\"Portada\",\"item\":\"https:\/\/www.leticiamiranda.es\/\"},{\"@type\":\"ListItem\",\"position\":2,\"name\":\"Sitio en construcci\u00f3n\"}]},{\"@type\":\"WebSite\",\"@id\":\"https:\/\/www.leticiamiranda.es\/#website\",\"url\":\"https:\/\/www.leticiamiranda.es\/\",\"name\":\"Leticia Miranda\",\"description\":\"Acupuntura y Medicina China. Diet\u00e9tica y Nutrici\u00f3n. Diplomado Universitario Enfermer\u00eda\",\"publisher\":{\"@id\":\"https:\/\/www.leticiamiranda.es\/#organization\"},\"potentialAction\":[{\"@type\":\"SearchAction\",\"target\":{\"@type\":\"EntryPoint\",\"urlTemplate\":\"https:\/\/www.leticiamiranda.es\/?s={search_term_string}\"},\"query-input\":\"required name=search_term_string\"}],\"inLanguage\":\"es\"},{\"@type\":\"Organization\",\"@id\":\"https:\/\/www.leticiamiranda.es\/#organization\",\"name\":\"Leticia Miranda\",\"url\":\"https:\/\/www.leticiamiranda.es\/\",\"logo\":{\"@type\":\"ImageObject\",\"inLanguage\":\"es\",\"@id\":\"https:\/\/www.leticiamiranda.es\/#\/schema\/logo\/image\/\",\"url\":\"https:\/\/www.leticiamiranda.es\/wp-content\/uploads\/2022\/12\/logo-leticia-blanco.png\",\"contentUrl\":\"https:\/\/www.leticiamiranda.es\/wp-content\/uploads\/2022\/12\/logo-leticia-blanco.png\",\"width\":634,\"height\":154,\"caption\":\"Leticia Miranda\"},\"image\":{\"@id\":\"https:\/\/www.leticiamiranda.es\/#\/schema\/logo\/image\/\"}}]}<\/script>\n<!-- \/ Yoast SEO plugin. -->","yoast_head_json":{"title":"Sitio en construcci\u00f3n - Leticia Miranda","robots":{"index":"index","follow":"follow","max-snippet":"max-snippet:-1","max-image-preview":"max-image-preview:large","max-video-preview":"max-video-preview:-1"},"canonical":"https:\/\/www.leticiamiranda.es\/index.php\/sitio-en-construccion\/","og_locale":"es_ES","og_type":"article","og_title":"Sitio en construcci\u00f3n - Leticia Miranda","og_url":"https:\/\/www.leticiamiranda.es\/index.php\/sitio-en-construccion\/","og_site_name":"Leticia Miranda","article_modified_time":"2022-12-21T13:38:21+00:00","og_image":[{"url":"https:\/\/www.leticiamiranda.es\/wp-content\/uploads\/2022\/12\/logo-Leticia-Miranda.png"}],"twitter_card":"summary_large_image","twitter_misc":{"Tiempo de lectura":"1 minuto"},"schema":{"@context":"https:\/\/schema.org","@graph":[{"@type":"WebPage","@id":"https:\/\/www.leticiamiranda.es\/index.php\/sitio-en-construccion\/","url":"https:\/\/www.leticiamiranda.es\/index.php\/sitio-en-construccion\/","name":"Sitio en construcci\u00f3n - Leticia Miranda","isPartOf":{"@id":"https:\/\/www.leticiamiranda.es\/#website"},"datePublished":"2022-12-21T13:28:59+00:00","dateModified":"2022-12-21T13:38:21+00:00","breadcrumb":{"@id":"https:\/\/www.leticiamiranda.es\/index.php\/sitio-en-construccion\/#breadcrumb"},"inLanguage":"es","potentialAction":[{"@type":"ReadAction","target":["https:\/\/www.leticiamiranda.es\/index.php\/sitio-en-construccion\/"]}]},{"@type":"BreadcrumbList","@id":"https:\/\/www.leticiamiranda.es\/index.php\/sitio-en-construccion\/#breadcrumb","itemListElement":[{"@type":"ListItem","position":1,"name":"Portada","item":"https:\/\/www.leticiamiranda.es\/"},{"@type":"ListItem","position":2,"name":"Sitio en construcci\u00f3n"}]},{"@type":"WebSite","@id":"https:\/\/www.leticiamiranda.es\/#website","url":"https:\/\/www.leticiamiranda.es\/","name":"Leticia Miranda","description":"Acupuntura y Medicina China. Diet\u00e9tica y Nutrici\u00f3n. Diplomado Universitario Enfermer\u00eda","publisher":{"@id":"https:\/\/www.leticiamiranda.es\/#organization"},"potentialAction":[{"@type":"SearchAction","target":{"@type":"EntryPoint","urlTemplate":"https:\/\/www.leticiamiranda.es\/?s={search_term_string}"},"query-input":"required name=search_term_string"}],"inLanguage":"es"},{"@type":"Organization","@id":"https:\/\/www.leticiamiranda.es\/#organization","name":"Leticia Miranda","url":"https:\/\/www.leticiamiranda.es\/","logo":{"@type":"ImageObject","inLanguage":"es","@id":"https:\/\/www.leticiamiranda.es\/#\/schema\/logo\/image\/","url":"https:\/\/www.leticiamiranda.es\/wp-content\/uploads\/2022\/12\/logo-leticia-blanco.png","contentUrl":"https:\/\/www.leticiamiranda.es\/wp-content\/uploads\/2022\/12\/logo-leticia-blanco.png","width":634,"height":154,"caption":"Leticia Miranda"},"image":{"@id":"https:\/\/www.leticiamiranda.es\/#\/schema\/logo\/image\/"}}]}},"_links":{"self":[{"href":"https:\/\/www.leticiamiranda.es\/index.php\/wp-json\/wp\/v2\/pages\/7","targetHints":{"allow":["GET"]}}],"collection":[{"href":"https:\/\/www.leticiamiranda.es\/index.php\/wp-json\/wp\/v2\/pages"}],"about":[{"href":"https:\/\/www.leticiamiranda.es\/index.php\/wp-json\/wp\/v2\/types\/page"}],"author":[{"embeddable":true,"href":"https:\/\/www.leticiamiranda.es\/index.php\/wp-json\/wp\/v2\/users\/1"}],"replies":[{"embeddable":true,"href":"https:\/\/www.leticiamiranda.es\/index.php\/wp-json\/wp\/v2\/comments?post=7"}],"version-history":[{"count":5,"href":"https:\/\/www.leticiamiranda.es\/index.php\/wp-json\/wp\/v2\/pages\/7\/revisions"}],"predecessor-version":[{"id":76,"href":"https:\/\/www.leticiamiranda.es\/index.php\/wp-json\/wp\/v2\/pages\/7\/revisions\/76"}],"wp:attachment":[{"href":"https:\/\/www.leticiamiranda.es\/index.php\/wp-json\/wp\/v2\/media?parent=7"}],"curies":[{"name":"wp","href":"https:\/\/api.w.org\/{rel}","templated":true}]}}